{"id":4004,"date":"2025-11-03T22:31:15","date_gmt":"2025-11-03T22:31:15","guid":{"rendered":"https:\/\/paulaonwheels.org\/?page_id=4004"},"modified":"2025-11-03T22:39:15","modified_gmt":"2025-11-03T22:39:15","slug":"refund-policy","status":"publish","type":"page","link":"https:\/\/paulaonwheels.org\/pt\/refund-policy\/","title":{"rendered":"Pol\u00edtica de reembolso"},"content":{"rendered":"<div data-elementor-type=\"wp-page\" data-elementor-id=\"4004\" class=\"elementor elementor-4004\">\n\t\t\t\t<div class=\"elementor-element elementor-element-5dc811dd e-flex e-con-boxed e-con e-parent\" data-id=\"5dc811dd\" data-element_type=\"container\" data-e-type=\"container\">\n\t\t\t\t\t<div class=\"e-con-inner\">\n\t\t\t\t<div class=\"elementor-element elementor-element-34a8a64 elementor-widget elementor-widget-heading\" data-id=\"34a8a64\" data-element_type=\"widget\" data-e-type=\"widget\" data-widget_type=\"heading.default\">\n\t\t\t\t\t<h2 class=\"elementor-heading-title elementor-size-default\">Pol\u00edtica de reembolso<\/h2>\t\t\t\t<\/div>\n\t\t\t\t<div class=\"elementor-element elementor-element-1dc860f elementor-widget elementor-widget-text-editor\" data-id=\"1dc860f\" data-element_type=\"widget\" data-e-type=\"widget\" data-widget_type=\"text-editor.default\">\n\t\t\t\t\t\t\t\t\t<p><\/p>\n<p>Compreendemos que os planos podem mudar. A nossa pol\u00edtica de reembolso \u00e9 a seguinte:<\/p>\n<p><\/p>\n<ul class=\"wp-block-list\"><p><\/p>\n<li><strong>100% Reembolso:<\/strong> Cancelamentos efectuados <strong>pelo menos 72 horas antes<\/strong> a partida programada da excurs\u00e3o, o cliente tem direito a um reembolso total.<\/li>\n<p><\/p>\n<li><strong>50% Reembolso:<\/strong> Cancelamentos efectuados <strong>entre 24 e 72 horas antes<\/strong> a partida programada da excurs\u00e3o s\u00e3o eleg\u00edveis para um reembolso 50%.<\/li>\n<p><\/p>\n<li><strong>Sem reembolso:<\/strong> Cancelamentos efectuados <strong>menos de 24 horas antes<\/strong> as partidas da excurs\u00e3o s\u00e3o <strong>n\u00e3o eleg\u00edvel para um reembolso<\/strong>.<\/li>\n<p><\/p><\/ul>\n<p><\/p>\n<p>Nota: Todos os pedidos de cancelamento devem ser apresentados por escrito (atrav\u00e9s de correio eletr\u00f3nico para paulaonwheels@gmail.com ou da nossa mensagem para o nosso whatsapp). Os reembolsos ser\u00e3o processados para o m\u00e9todo de pagamento original dentro de 7 a 10 dias \u00fateis.<\/p>\n<p><\/p>\t\t\t\t\t\t\t\t<\/div>\n\t\t\t\t\t<\/div>\n\t\t\t\t<\/div>\n\t\t\t\t<\/div>","protected":false},"excerpt":{"rendered":"<p>Refund Policy We understand that plans can change. Our refund policy is as follows: Please note: All cancellation requests must be submitted in writing (via email to paulaonwheels@gmail.com or our message to our whatsapp). Refunds will be processed to the original payment method within 7\u201310 business days.<\/p>","protected":false},"author":1,"featured_media":0,"parent":0,"menu_order":0,"comment_status":"closed","ping_status":"closed","template":"","meta":{"inline_featured_image":false,"_monsterinsights_skip_tracking":false,"_monsterinsights_sitenote_active":false,"_monsterinsights_sitenote_note":"","_monsterinsights_sitenote_category":0,"footnotes":""},"class_list":["post-4004","page","type-page","status-publish","hentry"],"aioseo_notices":[],"_links":{"self":[{"href":"https:\/\/paulaonwheels.org\/pt\/wp-json\/wp\/v2\/pages\/4004","targetHints":{"allow":["GET"]}}],"collection":[{"href":"https:\/\/paulaonwheels.org\/pt\/wp-json\/wp\/v2\/pages"}],"about":[{"href":"https:\/\/paulaonwheels.org\/pt\/wp-json\/wp\/v2\/types\/page"}],"author":[{"embeddable":true,"href":"https:\/\/paulaonwheels.org\/pt\/wp-json\/wp\/v2\/users\/1"}],"replies":[{"embeddable":true,"href":"https:\/\/paulaonwheels.org\/pt\/wp-json\/wp\/v2\/comments?post=4004"}],"version-history":[{"count":10,"href":"https:\/\/paulaonwheels.org\/pt\/wp-json\/wp\/v2\/pages\/4004\/revisions"}],"predecessor-version":[{"id":4015,"href":"https:\/\/paulaonwheels.org\/pt\/wp-json\/wp\/v2\/pages\/4004\/revisions\/4015"}],"wp:attachment":[{"href":"https:\/\/paulaonwheels.org\/pt\/wp-json\/wp\/v2\/media?parent=4004"}],"curies":[{"name":"wp","href":"https:\/\/api.w.org\/{rel}","templated":true}]}}