{"id":4004,"date":"2025-11-03T22:31:15","date_gmt":"2025-11-03T22:31:15","guid":{"rendered":"https:\/\/paulaonwheels.org\/?page_id=4004"},"modified":"2025-11-03T22:39:15","modified_gmt":"2025-11-03T22:39:15","slug":"refund-policy","status":"publish","type":"page","link":"https:\/\/paulaonwheels.org\/fr\/refund-policy\/","title":{"rendered":"Remboursement"},"content":{"rendered":"<div data-elementor-type=\"wp-page\" data-elementor-id=\"4004\" class=\"elementor elementor-4004\">\n\t\t\t\t<div class=\"elementor-element elementor-element-5dc811dd e-flex e-con-boxed e-con e-parent\" data-id=\"5dc811dd\" data-element_type=\"container\" data-e-type=\"container\">\n\t\t\t\t\t<div class=\"e-con-inner\">\n\t\t\t\t<div class=\"elementor-element elementor-element-34a8a64 elementor-widget elementor-widget-heading\" data-id=\"34a8a64\" data-element_type=\"widget\" data-e-type=\"widget\" data-widget_type=\"heading.default\">\n\t\t\t\t\t<h2 class=\"elementor-heading-title elementor-size-default\">Remboursement<\/h2>\t\t\t\t<\/div>\n\t\t\t\t<div class=\"elementor-element elementor-element-1dc860f elementor-widget elementor-widget-text-editor\" data-id=\"1dc860f\" data-element_type=\"widget\" data-e-type=\"widget\" data-widget_type=\"text-editor.default\">\n\t\t\t\t\t\t\t\t\t<p><\/p>\n<p>Nous comprenons que les plans peuvent changer. Notre politique de remboursement est la suivante :<\/p>\n<p><\/p>\n<ul class=\"wp-block-list\"><p><\/p>\n<li><strong>100% Remboursement :<\/strong> Annulations effectu\u00e9es <strong>au moins 72 heures avant<\/strong> le d\u00e9part pr\u00e9vu de la visite sont \u00e9ligibles \u00e0 un remboursement int\u00e9gral.<\/li>\n<p><\/p>\n<li><strong>50% Remboursement :<\/strong> Annulations effectu\u00e9es <strong>entre 24 et 72 heures avant<\/strong> le d\u00e9part pr\u00e9vu du voyage sont \u00e9ligibles \u00e0 un remboursement 50%.<\/li>\n<p><\/p>\n<li><strong>Pas de remboursement :<\/strong> Annulations effectu\u00e9es <strong>moins de 24 heures avant<\/strong> le d\u00e9part de la visite est <strong>non \u00e9ligibles \u00e0 un remboursement<\/strong>.<\/li>\n<p><\/p><\/ul>\n<p><\/p>\n<p>Remarque : toutes les demandes d'annulation doivent \u00eatre soumises par \u00e9crit (par courriel \u00e0 paulaonwheels@gmail.com ou par message sur notre whatsapp). Les remboursements seront effectu\u00e9s selon la m\u00e9thode de paiement originale dans un d\u00e9lai de 7 \u00e0 10 jours ouvrables.<\/p>\n<p><\/p>\t\t\t\t\t\t\t\t<\/div>\n\t\t\t\t\t<\/div>\n\t\t\t\t<\/div>\n\t\t\t\t<\/div>","protected":false},"excerpt":{"rendered":"<p>Refund Policy We understand that plans can change. Our refund policy is as follows: Please note: All cancellation requests must be submitted in writing (via email to paulaonwheels@gmail.com or our message to our whatsapp). Refunds will be processed to the original payment method within 7\u201310 business days.<\/p>","protected":false},"author":1,"featured_media":0,"parent":0,"menu_order":0,"comment_status":"closed","ping_status":"closed","template":"","meta":{"inline_featured_image":false,"_monsterinsights_skip_tracking":false,"_monsterinsights_sitenote_active":false,"_monsterinsights_sitenote_note":"","_monsterinsights_sitenote_category":0,"footnotes":""},"class_list":["post-4004","page","type-page","status-publish","hentry"],"aioseo_notices":[],"_links":{"self":[{"href":"https:\/\/paulaonwheels.org\/fr\/wp-json\/wp\/v2\/pages\/4004","targetHints":{"allow":["GET"]}}],"collection":[{"href":"https:\/\/paulaonwheels.org\/fr\/wp-json\/wp\/v2\/pages"}],"about":[{"href":"https:\/\/paulaonwheels.org\/fr\/wp-json\/wp\/v2\/types\/page"}],"author":[{"embeddable":true,"href":"https:\/\/paulaonwheels.org\/fr\/wp-json\/wp\/v2\/users\/1"}],"replies":[{"embeddable":true,"href":"https:\/\/paulaonwheels.org\/fr\/wp-json\/wp\/v2\/comments?post=4004"}],"version-history":[{"count":10,"href":"https:\/\/paulaonwheels.org\/fr\/wp-json\/wp\/v2\/pages\/4004\/revisions"}],"predecessor-version":[{"id":4015,"href":"https:\/\/paulaonwheels.org\/fr\/wp-json\/wp\/v2\/pages\/4004\/revisions\/4015"}],"wp:attachment":[{"href":"https:\/\/paulaonwheels.org\/fr\/wp-json\/wp\/v2\/media?parent=4004"}],"curies":[{"name":"wp","href":"https:\/\/api.w.org\/{rel}","templated":true}]}}