{"id":16,"date":"2024-02-06T08:56:21","date_gmt":"2024-02-06T08:56:21","guid":{"rendered":"https:\/\/triprex.egenslab.com\/?page_id=16"},"modified":"2025-11-16T11:43:23","modified_gmt":"2025-11-16T11:43:23","slug":"about","status":"publish","type":"page","link":"https:\/\/paulaonwheels.org\/es\/about\/","title":{"rendered":"Acerca de"},"content":{"rendered":"<div data-elementor-type=\"wp-page\" data-elementor-id=\"16\" class=\"elementor elementor-16\">\n\t\t\t\t<div class=\"elementor-element elementor-element-e52ed65 e-con-full e-flex e-con e-parent\" data-id=\"e52ed65\" data-element_type=\"container\" data-e-type=\"container\">\n\t\t<div class=\"elementor-element elementor-element-117d7ce e-flex e-con-boxed e-con e-child\" data-id=\"117d7ce\" data-element_type=\"container\" data-e-type=\"container\">\n\t\t\t\t\t<div class=\"e-con-inner\">\n\t\t\t\t<div class=\"elementor-element elementor-element-7087f16 elementor-hidden-desktop elementor-hidden-tablet elementor-widget elementor-widget-image\" data-id=\"7087f16\" data-element_type=\"widget\" data-e-type=\"widget\" data-widget_type=\"image.default\">\n\t\t\t\t\t\t\t\t\t\t\t\t\t\t\t<img fetchpriority=\"high\" decoding=\"async\" width=\"756\" height=\"806\" src=\"https:\/\/paulaonwheels.org\/wp-content\/uploads\/2025\/10\/paula-com-cae.avif\" class=\"attachment-large size-large wp-image-3279\" alt=\"\" srcset=\"https:\/\/paulaonwheels.org\/wp-content\/uploads\/2025\/10\/paula-com-cae.avif 756w, https:\/\/paulaonwheels.org\/wp-content\/uploads\/2025\/10\/paula-com-cae-281x300.avif 281w, https:\/\/paulaonwheels.org\/wp-content\/uploads\/2025\/10\/paula-com-cae-600x640.avif 600w\" sizes=\"(max-width: 756px) 100vw, 756px\" \/>\t\t\t\t\t\t\t\t\t\t\t\t\t\t\t<\/div>\n\t\t\t\t\t<\/div>\n\t\t\t\t<\/div>\n\t\t\t\t<div class=\"elementor-element elementor-element-527fcb5 elementor-widget elementor-widget-triprex_about\" data-id=\"527fcb5\" data-element_type=\"widget\" data-e-type=\"widget\" data-widget_type=\"triprex_about.default\">\n\t\t\t\t<div class=\"elementor-widget-container\">\n\t\t\t\t\t\n        \n                    <div class=\"home1-about-section\">\n                <img decoding=\"async\" src=\"https:\/\/paulaonwheels.org\/wp-content\/themes\/triprex\/assets\/img\/home1\/section-vector1.png\" alt=\"image\" class=\"section-vector1\">\n                <div class=\"container\">\n                    <div class=\"row\">\n                        <div class=\"col-lg-6\">\n                            <div class=\"about-content\">\n                                <div class=\"section-title mb-40\">\n                                                                                                                <h2> Sobre m\u00ed<\/h2>\n                                                                    <\/div>\n\n                                <ul class=\"nav nav-pills\" id=\"pills-tab3\" role=\"tablist\">\n                                                                            <li class=\"nav-item\" role=\"presentation\">\n                                            <button class=\"nav-link active\" id=\"tab-0\" data-bs-toggle=\"pill\" data-bs-target=\"#content-0\" type=\"button\" role=\"tab\" aria-controls=\"content-0\" aria-selected=\"true\">\n                                                                                                                                            <\/button>\n                                        <\/li>\n                                                                    <\/ul>\n\n                                <div class=\"tab-content\" id=\"pills-tab3Content\">\n                                                                            <div class=\"tab-pane fade show active\" id=\"content-0\" role=\"tabpanel\">\n                                            Me llamo Paula y soy lisboeta de coraz\u00f3n. Toda mi vida profesional ha estado relacionada con el Turismo. Desde la acogida de visitantes hasta la hospitalidad, he pasado por todas las etapas. En 2017, decid\u00ed convertirme en gu\u00eda tur\u00edstica y comenzar esta aventura de mostrar mi ciudad a quienes la visitan.\nLisboa siempre ha sido una fuente inagotable de inspiraci\u00f3n para m\u00ed, y fue esta pasi\u00f3n por la ciudad -combinada con mi amor por mi triciclo- lo que me trajo hasta aqu\u00ed.\nCon \u00e9l, serpenteo por la ciudad, cuento historias de sus gentes y creo momentos que quedar\u00e1n plasmados no s\u00f3lo en fotos sino, sobre todo, en sus recuerdos.\nY como las pasiones son as\u00ed - aman las historias - esta es la experiencia que te invito a compartir.\n\n                                        <\/div>\n                                                                    <\/div>\n\n                                <div class=\"about-content-bottom\">\n                                                                            <a href=\"\" class=\"primary-btn1\">Reservar una visita<\/a>\n                                                                        <div class=\"counter-area\">\n                                                                                <div class=\"content\">\n                                            <div class=\"number\">\n                                                <h6 class=\"counter\"><\/h6>\n                                                                                            <\/div>\n                                                                                    <\/div>\n                                    <\/div>\n                                <\/div>\n                            <\/div>\n                        <\/div>\n                        <div class=\"col-lg-6 d-flex justify-content-end\">\n                            <div class=\"about-img\">\n                                                                    <img decoding=\"async\" src=\"https:\/\/paulaonwheels.org\/wp-content\/uploads\/2025\/10\/paula-com-cae.avif\" alt=\"Image \">\n                                                                <img decoding=\"async\" src=\"https:\/\/paulaonwheels.org\/wp-content\/themes\/triprex\/assets\/img\/home1\/vector\/about-img-bg-vector.svg\" alt=\"image\" class=\"vector\">\n                            <\/div>\n                        <\/div>\n                    <\/div>\n                <\/div>\n            <\/div>\n        \n        \n\n\n        \n        \n        \n        \t\t\t\t<\/div>\n\t\t\t\t<\/div>\n\t\t\t\t<\/div>\n\t\t<div class=\"elementor-element elementor-element-d819275 e-con-full e-flex e-con e-parent\" data-id=\"d819275\" data-element_type=\"container\" data-e-type=\"container\">\n\t\t\t\t<\/div>\n\t\t\t\t<\/div>","protected":false},"excerpt":{"rendered":"<p>About Me My name is Paula, and I am a Lisbon native at heart. My entire professional life has been connected to Tourism. From welcoming visitors to hospitality, I have gone through all the stages. In 2017, I decided to become a tour guide and start this adventure of showing my city to those who [&hellip;]<\/p>","protected":false},"author":1,"featured_media":0,"parent":0,"menu_order":0,"comment_status":"closed","ping_status":"closed","template":"","meta":{"inline_featured_image":false,"_monsterinsights_skip_tracking":false,"_monsterinsights_sitenote_active":false,"_monsterinsights_sitenote_note":"","_monsterinsights_sitenote_category":0,"footnotes":""},"class_list":["post-16","page","type-page","status-publish","hentry"],"aioseo_notices":[],"_links":{"self":[{"href":"https:\/\/paulaonwheels.org\/es\/wp-json\/wp\/v2\/pages\/16","targetHints":{"allow":["GET"]}}],"collection":[{"href":"https:\/\/paulaonwheels.org\/es\/wp-json\/wp\/v2\/pages"}],"about":[{"href":"https:\/\/paulaonwheels.org\/es\/wp-json\/wp\/v2\/types\/page"}],"author":[{"embeddable":true,"href":"https:\/\/paulaonwheels.org\/es\/wp-json\/wp\/v2\/users\/1"}],"replies":[{"embeddable":true,"href":"https:\/\/paulaonwheels.org\/es\/wp-json\/wp\/v2\/comments?post=16"}],"version-history":[{"count":88,"href":"https:\/\/paulaonwheels.org\/es\/wp-json\/wp\/v2\/pages\/16\/revisions"}],"predecessor-version":[{"id":4071,"href":"https:\/\/paulaonwheels.org\/es\/wp-json\/wp\/v2\/pages\/16\/revisions\/4071"}],"wp:attachment":[{"href":"https:\/\/paulaonwheels.org\/es\/wp-json\/wp\/v2\/media?parent=16"}],"curies":[{"name":"wp","href":"https:\/\/api.w.org\/{rel}","templated":true}]}}